{"id":391,"date":"2025-04-03T13:45:58","date_gmt":"2025-04-03T17:45:58","guid":{"rendered":"http:\/\/cabosse.localhost\/?post_type=product&#038;p=391"},"modified":"2025-04-04T10:40:02","modified_gmt":"2025-04-04T14:40:02","slug":"praline-buchette-gluten-free","status":"publish","type":"product","link":"https:\/\/lacabossedor.com\/en\/produit\/praline-buchette-gluten-free\/","title":{"rendered":"Praline Buchette   &#8211; gluten free"},"content":{"rendered":"<p>Fine couche de p\u00e2te d\u2019amande recouverte d\u2019onctueux pralin\u00e9 aux noisettes, roul\u00e9e puis enrob\u00e9e d\u2019une fine couche de chocolat (Lait ou Noir)<\/p>\n","protected":false},"excerpt":{"rendered":"<p>Fine couche de p\u00e2te d\u2019amande recouverte d\u2019onctueux pralin\u00e9 aux noisettes, roul\u00e9e puis enrob\u00e9e d\u2019une fine couche de chocolat (Lait ou Noir)<\/p>\n","protected":false},"featured_media":384,"template":"","meta":{"_acf_changed":false},"product_brand":[],"product_cat":[60,61],"product_tag":[],"class_list":{"0":"post-391","1":"product","2":"type-product","3":"status-publish","4":"has-post-thumbnail","6":"product_cat-chocolate","7":"product_cat-chocolate-bar","9":"first","10":"instock","11":"taxable","12":"shipping-taxable","13":"purchasable","14":"product-type-variable"},"acf":[],"_links":{"self":[{"href":"https:\/\/lacabossedor.com\/en\/wp-json\/wp\/v2\/product\/391","targetHints":{"allow":["GET"]}}],"collection":[{"href":"https:\/\/lacabossedor.com\/en\/wp-json\/wp\/v2\/product"}],"about":[{"href":"https:\/\/lacabossedor.com\/en\/wp-json\/wp\/v2\/types\/product"}],"wp:featuredmedia":[{"embeddable":true,"href":"https:\/\/lacabossedor.com\/en\/wp-json\/wp\/v2\/media\/384"}],"wp:attachment":[{"href":"https:\/\/lacabossedor.com\/en\/wp-json\/wp\/v2\/media?parent=391"}],"wp:term":[{"taxonomy":"product_brand","embeddable":true,"href":"https:\/\/lacabossedor.com\/en\/wp-json\/wp\/v2\/product_brand?post=391"},{"taxonomy":"product_cat","embeddable":true,"href":"https:\/\/lacabossedor.com\/en\/wp-json\/wp\/v2\/product_cat?post=391"},{"taxonomy":"product_tag","embeddable":true,"href":"https:\/\/lacabossedor.com\/en\/wp-json\/wp\/v2\/product_tag?post=391"}],"curies":[{"name":"wp","href":"https:\/\/api.w.org\/{rel}","templated":true}]}}