{"id":411,"date":"2025-03-17T11:02:56","date_gmt":"2025-03-17T15:02:56","guid":{"rendered":"http:\/\/cabosse.localhost\/contact\/"},"modified":"2025-04-10T20:08:17","modified_gmt":"2025-04-11T00:08:17","slug":"contact","status":"publish","type":"page","link":"https:\/\/lacabossedor.com\/en\/contact\/","title":{"rendered":"Contact"},"content":{"rendered":"\n<div class=\"wp-block-cover full-width banner\"><span aria-hidden=\"true\" class=\"wp-block-cover__background has-background-dim\"><\/span><img loading=\"lazy\" decoding=\"async\" width=\"982\" height=\"204\" class=\"wp-block-cover__image-background wp-image-624\" alt=\"\" src=\"https:\/\/dev.lacabossedor.com\/wp-content\/uploads\/2025\/04\/top-bg.jpg\" data-object-fit=\"cover\" srcset=\"https:\/\/lacabossedor.com\/wp-content\/uploads\/2025\/04\/top-bg.jpg 982w, https:\/\/lacabossedor.com\/wp-content\/uploads\/2025\/04\/top-bg-600x125.jpg 600w, https:\/\/lacabossedor.com\/wp-content\/uploads\/2025\/04\/top-bg-300x62.jpg 300w, https:\/\/lacabossedor.com\/wp-content\/uploads\/2025\/04\/top-bg-768x160.jpg 768w\" sizes=\"auto, (max-width: 982px) 100vw, 982px\" \/><div class=\"wp-block-cover__inner-container is-layout-constrained wp-block-cover-is-layout-constrained\">\n<h1 class=\"wp-block-heading has-text-align-center banner-title\">Contact us<\/h1>\n<\/div><\/div>\n\n<div style=\"height:50px\" aria-hidden=\"true\" class=\"wp-block-spacer\"><\/div>\n\n<h2 class=\"wp-block-heading\">Chocolaterie La Cabosse d\u2019Or<\/h2>\n\n<p>973, chemin Ozias Leduc,<br\/>Otterburn Park, Qu\u00e9bec<br\/>Canada<br\/>J3G 4J3<\/p>\n\n<p>T\u00e9l: <a href=\"tel:4504646937\">(450) 464-6937<\/a><br\/>T\u00e9l\u00e9c:<a href=\"tel:4504649933\"> (450) 464-9933<\/a><br\/><a href=\"mailto:info@lacabossedor.com\">info@lacabossedor.com<\/a><\/p>\n\n<h2 class=\"wp-block-heading\">Getting here:<\/h2>\n\n<h3 class=\"wp-block-heading\">From Autoroute 20<\/h3>\n\n<p>Take exit 113 At the waterfront, turn left on the 133 (south). After the Rouville-Campbell Manor, take a left on Mont\u00e9e des Trente. At the top, turn right on Ozias Leduc.<\/p>\n\n<h3 class=\"wp-block-heading\">From autoroute 10<\/h3>\n\n<p>Take exit 29. At the waterfront, turn right on the 133 (north) and continue until Otterburn Park. Turn right on rue Connaught. At the top, turn left on Ozias Leduc.<\/p>\n\n<h2 class=\"wp-block-heading\">Opening Hours<\/h2>\n\n<p>Our shop is open from Tuesday to Sunday, from 9 AM to 5 PM. (As we are a small team, during busy periods we may not be able to answer the phone. Please contact us at info@lacabossedor.com.)<\/p>\n\n<p>Holiday Hours:<br\/>December 24: 9:00 AM to 12:00 PM<br\/>December 25 &amp; 26 \ud83c\udf84: Closed<br\/>December 27 to 30: 9:00 AM to 5:00 PM<br\/>December 31: 9:00 AM to 12:00 PM<br\/>January 1 &amp; 2 \ud83c\udf7e: Closed<\/p>\n\n<p>Our minigolf is open everyday, June until Thanksgiving, last departure at 3pm.<\/p>\n","protected":false},"excerpt":{"rendered":"<p>Chocolaterie La Cabosse d\u2019Or 973, chemin Ozias Leduc,Otterburn Park, Qu\u00e9becCanadaJ3G 4J3 T\u00e9l: (450) 464-6937T\u00e9l\u00e9c: (450) 464-9933info@lacabossedor.com Getting here: From Autoroute 20 Take exit 113 At the waterfront, turn left on the 133 (south). After the Rouville-Campbell Manor, take a left on Mont\u00e9e des Trente. At the top, turn right on Ozias Leduc. From autoroute 10\u2026<\/p>\n","protected":false},"author":1,"featured_media":0,"parent":0,"menu_order":0,"comment_status":"closed","ping_status":"closed","template":"","meta":{"_acf_changed":false,"footnotes":""},"class_list":["post-411","page","type-page","status-publish","hentry"],"acf":[],"_links":{"self":[{"href":"https:\/\/lacabossedor.com\/en\/wp-json\/wp\/v2\/pages\/411","targetHints":{"allow":["GET"]}}],"collection":[{"href":"https:\/\/lacabossedor.com\/en\/wp-json\/wp\/v2\/pages"}],"about":[{"href":"https:\/\/lacabossedor.com\/en\/wp-json\/wp\/v2\/types\/page"}],"author":[{"embeddable":true,"href":"https:\/\/lacabossedor.com\/en\/wp-json\/wp\/v2\/users\/1"}],"replies":[{"embeddable":true,"href":"https:\/\/lacabossedor.com\/en\/wp-json\/wp\/v2\/comments?post=411"}],"version-history":[{"count":4,"href":"https:\/\/lacabossedor.com\/en\/wp-json\/wp\/v2\/pages\/411\/revisions"}],"predecessor-version":[{"id":639,"href":"https:\/\/lacabossedor.com\/en\/wp-json\/wp\/v2\/pages\/411\/revisions\/639"}],"wp:attachment":[{"href":"https:\/\/lacabossedor.com\/en\/wp-json\/wp\/v2\/media?parent=411"}],"curies":[{"name":"wp","href":"https:\/\/api.w.org\/{rel}","templated":true}]}}